{"id":8878,"date":"2016-04-05T09:06:09","date_gmt":"2016-04-05T09:06:09","guid":{"rendered":"https:\/\/www.camp-spik.com\/piskotki\/"},"modified":"2025-11-14T12:49:38","modified_gmt":"2025-11-14T12:49:38","slug":"cookies","status":"publish","type":"page","link":"https:\/\/www.camp-spik.com\/de\/cookies\/","title":{"rendered":"Cookies"},"content":{"rendered":"<p><strong>Was sind Cookies?<\/strong><\/p>\n<p>Diese Cookie-Richtlinie erl\u00e4utert, was Cookies sind und wie wir sie verwenden, welche Arten von Cookies wir verwenden, d. h. welche Informationen wir mithilfe von Cookies erfassen und wie diese Informationen verwendet werden, sowie wie Sie die Cookie-Einstellungen verwalten k\u00f6nnen.<\/p>\n<p>Cookies sind kleine Textdateien, die zum Speichern kleiner Informationsmengen verwendet werden. Wenn eine Website in Ihrem Browser geladen wird, werden sie auf Ihrem Ger\u00e4t gespeichert. Diese Cookies helfen uns dabei, die Website ordnungsgem\u00e4\u00df funktionieren zu lassen, sie sicherer zu machen, eine bessere Benutzererfahrung zu bieten und zu verstehen, wie die Website funktioniert, sowie zu analysieren, was gut funktioniert und wo wir uns verbessern m\u00fcssen.<\/p>\n<p><strong>Wie verwenden wir Cookies?<\/strong><\/p>\n<p>Wie die meisten Online-Dienste verwendet auch unsere Website eigene Cookies und Cookies von Drittanbietern f\u00fcr verschiedene Zwecke. Unsere eigenen Cookies sind gr\u00f6\u00dftenteils f\u00fcr das ordnungsgem\u00e4\u00dfe Funktionieren der Website erforderlich und erfassen keine Ihrer pers\u00f6nlichen Daten.<\/p>\n<p>Die auf unserer Website verwendeten Cookies von Drittanbietern dienen haupts\u00e4chlich dazu, die Funktionsweise der Website und Ihre Interaktionen mit unserer Website zu verstehen, die Sicherheit unserer Dienste zu gew\u00e4hrleisten, Ihnen relevante Werbung anzuzeigen und Ihnen insgesamt eine bessere und optimierte Benutzererfahrung zu bieten. Wir k\u00f6nnen Cookies auch verwenden, um zu analysieren, wie Besucher unsere Website nutzen, um Trends zu erkennen und um Ihnen eine personalisierte Erfahrung zu bieten.<\/p>\n<p>&nbsp;<\/p>\n<p><strong>Arten von Cookies, die wir verwenden<\/strong><\/p>\n<div class=\"cky-audit-table-element\"><\/div>\n<p><strong>Cookie-Einstellungen verwalten<\/strong><\/p>\n<p>&nbsp;<\/p>\n<p>Cookie-Einstellungen<\/p>\n<p>Sie k\u00f6nnen Ihre Cookie-Einstellungen jederzeit \u00e4ndern, indem Sie auf die Schaltfl\u00e4che oben klicken. Auf diese Weise k\u00f6nnen Sie das Cookie-Einwilligungsbanner erneut aufrufen und Ihre Einstellungen \u00e4ndern oder Ihre Einwilligung sofort widerrufen.<\/p>\n<p>Dar\u00fcber hinaus bieten verschiedene Browser unterschiedliche Methoden zum Blockieren und L\u00f6schen von Cookies, die von Websites verwendet werden. Sie k\u00f6nnen Ihre Browsereinstellungen \u00e4ndern, um Cookies zu blockieren\/l\u00f6schen. Nachfolgend finden Sie Links zu Support-Dokumenten zum Verwalten und L\u00f6schen von Cookies in den g\u00e4ngigen Webbrowsern.<\/p>\n<p>Chrome: https:\/\/support.google.com\/accounts\/answer\/32050<\/p>\n<p>Safari: https:\/\/support.apple.com\/en-in\/guide\/safari\/sfri11471\/mac<\/p>\n<p>Firefox: https:\/\/support.mozilla.org\/en-US\/kb\/clear-cookies-and-site-data-firefox?redirectslug=delete-cookies-remove-info-websites-stored&amp;redirectlocale=en-US<\/p>\n<p>Internet Explorer: https:\/\/support.microsoft.com\/en-us\/topic\/how-to-delete-cookie-files-in-internet-explorer-bca9446f-d873-78de-77ba-d42645fa52fc<\/p>\n<p>Wenn Sie einen anderen Webbrowser verwenden, besuchen Sie bitte die offiziellen Browser-Support-Dokumente.<\/p>\n\r\n\t\t<style>\r\n\t\t\t.huge-it-share-buttons {\r\n\t\t\t\tborder:0px solid #0FB5D6;\r\n\t\t\t\tborder-radius:5px;\r\n\t\t\t\tbackground:#3BD8FF;\r\n\t\t\t text-align:left; \t\t\t\t\t\t\t\t\t}\r\n\r\n\t\t\t#huge-it-share-buttons-top {margin-bottom:0px;}\r\n\t\t\t#huge-it-share-buttons-bottom {margin-top:0px;}\r\n\r\n\t\t\t.huge-it-share-buttons h3 {\r\n\t\t\t\tfont-size:25px ;\r\n\t\t\t\tfont-family:Arial,Helvetica Neue,Helvetica,sans-serif;\r\n\t\t\t\tcolor:#666666;\r\n\r\n\t\t\tdisplay:block;\t\t\t\tline-height:25px ;\r\n\r\n\t\t\t text-align:left; \t\t\t\t\t\t\t\t\t}\r\n\r\n\t\t\t.huge-it-share-buttons ul {\r\n\t\t\t float:left; \t\t\t\t\t\t\t\t\t}\r\n\r\n\t\t\t.huge-it-share-buttons ul li {\r\n\t\t\t\tmargin-left:3px;\r\n\t\t\t\tmargin-right:3px;\r\n\t\t\t\tpadding:0px;\r\n\t\t\t\tborder:0px ridge #E6354C;\r\n\t\t\t\tborder-radius:11px;\r\n\t\t\t\tbackground-color:#14CC9B;\r\n\t\t\t}\r\n\r\n\t\t\t.huge-it-share-buttons ul li #backforunical8878 {\r\n\t\t\t\tborder-bottom: 0;\r\n\t\t\t\tbackground-image:url('https:\/\/www.camp-spik.com\/wp-content\/plugins\/wp-share-buttons\/Front_end\/..\/images\/buttons.20.png');\r\n\t\t\t\twidth:20px;\r\n\t\t\t\theight:20px;\r\n\t\t\t}\r\n\r\n\t\t\t.front-shares-count {\r\n\t\t\t\tposition: absolute;\r\n\t\t\t\ttext-align: center;\r\n\t\t\t\tdisplay: block;\r\n\t\t\t}\r\n\r\n\t\t\t.shares_size20 .front-shares-count {\r\n\t\t\t\tfont-size: 10px;\r\n\t\t\t\ttop: 10px;\r\n\t\t\t\twidth: 20px;\r\n\t\t\t}\r\n\r\n\t\t\t.shares_size30 .front-shares-count {\r\n\t\t\t\tfont-size: 11px;\r\n\t\t\t\ttop: 15px;\r\n\t\t\t\twidth: 30px;\r\n\t\t\t}\r\n\r\n\t\t\t.shares_size40 .front-shares-count {\r\n\t\t\t\tfont-size: 12px;\r\n\t\t\t\ttop: 21px;\r\n\t\t\t\twidth: 40px;\r\n\t\t\t}\r\n\t\t<\/style>\r\n\t\t\r\n\t\t<div id=\"huge-it-share-buttons-top\" class=\"huge-it-share-buttons nobackground\">\r\n\t\t\t<h3>Share This:<\/h3>\r\n\t\t\t<ul class=\"huge-it-share-buttons-list \">\r\n\t\t\t\t\t\t\t\t\t<li class=\"nobackground \" >\r\n\r\n\t\t\t\t\t\t\t\t\t\t\t\t<a id=\"backforunical8878\" href=\"https:\/\/www.facebook.com\/sharer\/sharer.php?u=www.camp-spik.com\/de\/wp-json\/wp\/v2\/pages\/8878\"  onclick=\"javascript:void window.open('https:\/\/www.facebook.com\/sharer\/sharer.php?u=www.camp-spik.com\/de\/wp-json\/wp\/v2\/pages\/8878','1410949501326','width=700,height=500,toolbar=0,menubar=0,location=0,status=1,scrollbars=1,resizable=1,left=0,top=0');return false;\" style=\"background-position: -0px -80px \"><\/a>\r\n\t\t\t\t\t<\/li>\r\n\t\t\t\t\t\t\t\t\t\t<li class=\"nobackground \" >\r\n\r\n\t\t\t\t\t\t\t\t\t\t\t\t<a id=\"backforunical8878\" href=\"https:\/\/twitter.com\/share?status=www.camp-spik.com\/de\/wp-json\/wp\/v2\/pages\/8878&text=Cookies\"  onclick=\"javascript:void window.open('https:\/\/twitter.com\/share?status=www.camp-spik.com\/de\/wp-json\/wp\/v2\/pages\/8878&text=Cookies','1410949501326','width=700,height=500,toolbar=0,menubar=0,location=0,status=1,scrollbars=1,resizable=1,left=0,top=0');return false;\" style=\"background-position: -20px -80px \"><\/a>\r\n\t\t\t\t\t<\/li>\r\n\t\t\t\t\t\t\t\t\t\t<li class=\"none nobackground \" >\r\n\r\n\t\t\t\t\t\t\t\t\t\t\t\t<a id=\"backforunical8878\" href=\"http:\/\/www.pinterest.com\/pin\/create\/button\/?url=www.camp-spik.com\/de\/wp-json\/wp\/v2\/pages\/8878&media=https:\/\/www.camp-spik.com\/wp-content\/plugins\/wp-share-buttons\/Front_end\/..\/images\/noimage.png&description=Cookies\"  onclick=\"javascript:void window.open('http:\/\/www.pinterest.com\/pin\/create\/button\/?url=www.camp-spik.com\/de\/wp-json\/wp\/v2\/pages\/8878&media=https:\/\/www.camp-spik.com\/wp-content\/plugins\/wp-share-buttons\/Front_end\/..\/images\/noimage.png&description=Cookies','1410949501326','width=700,height=500,toolbar=0,menubar=0,location=0,status=1,scrollbars=1,resizable=1,left=0,top=0');return false;\" style=\"background-position: -40px -80px \"><\/a>\r\n\t\t\t\t\t<\/li>\r\n\t\t\t\t\t\t\t\t\t\t<li class=\"nobackground \" >\r\n\r\n\t\t\t\t\t\t\t\t\t\t\t\t<a id=\"backforunical8878\" href=\"https:\/\/plus.google.com\/share?url=www.camp-spik.com\/de\/wp-json\/wp\/v2\/pages\/8878\"  onclick=\"javascript:void window.open('https:\/\/plus.google.com\/share?url=www.camp-spik.com\/de\/wp-json\/wp\/v2\/pages\/8878','1410949501326','width=700,height=500,toolbar=0,menubar=0,location=0,status=1,scrollbars=1,resizable=1,left=0,top=0');return false;\" style=\"background-position: -60px -80px \"><\/a>\r\n\t\t\t\t\t<\/li>\r\n\t\t\t\t\t\t\t\t\t\t<li class=\"nobackground \" >\r\n\r\n\t\t\t\t\t\t\t\t\t\t\t\t<a id=\"backforunical8878\" href=\"https:\/\/www.linkedin.com\/shareArticle?title=Cookies&mini=true&url=https:\/\/www.camp-spik.com\/de\/wp-json\/wp\/v2\/pages\/8878\"  onclick=\"javascript:void window.open('https:\/\/www.linkedin.com\/shareArticle?title=Cookies&mini=true&url=https:\/\/www.camp-spik.com\/de\/wp-json\/wp\/v2\/pages\/8878','1410949501326','width=700,height=500,toolbar=0,menubar=0,location=0,status=1,scrollbars=1,resizable=1,left=0,top=0');return false;\" style=\"background-position: -80px -80px \"><\/a>\r\n\t\t\t\t\t<\/li>\r\n\t\t\t\t\t\t\t\t\t\t<li class=\"none nobackground \" >\r\n\r\n\t\t\t\t\t\t\t\t\t\t\t\t<a id=\"backforunical8878\" href=\"https:\/\/www.tumblr.com\/share\/link?url=www.camp-spik.com\/de\/wp-json\/wp\/v2\/pages\/8878&name=Cookies\"  onclick=\"javascript:void window.open('https:\/\/www.tumblr.com\/share\/link?url=www.camp-spik.com\/de\/wp-json\/wp\/v2\/pages\/8878&name=Cookies','1410949501326','width=700,height=500,toolbar=0,menubar=0,location=0,status=1,scrollbars=1,resizable=1,left=0,top=0');return false;\" style=\"background-position: -100px -80px \"><\/a>\r\n\t\t\t\t\t<\/li>\r\n\t\t\t\t\t\t\t\t\t\t<li class=\"none nobackground \" >\r\n\r\n\t\t\t\t\t\t\t\t\t\t\t\t<a id=\"backforunical8878\" href=\"http:\/\/digg.com\/submit?phase=2&url=www.camp-spik.com\/de\/wp-json\/wp\/v2\/pages\/8878&title=Cookies\"  onclick=\"javascript:void window.open('http:\/\/digg.com\/submit?phase=2&url=www.camp-spik.com\/de\/wp-json\/wp\/v2\/pages\/8878&title=Cookies','1410949501326','width=700,height=500,toolbar=0,menubar=0,location=0,status=1,scrollbars=1,resizable=1,left=0,top=0');return false;\" style=\"background-position: -120px -80px \"><\/a>\r\n\t\t\t\t\t<\/li>\r\n\t\t\t\t\t\t\t\t\t\t<li class=\"none nobackground \" >\r\n\r\n\t\t\t\t\t\t\t\t\t\t\t\t<a id=\"backforunical8878\" href=\"http:\/\/www.stumbleupon.com\/submit?url=www.camp-spik.com\/de\/wp-json\/wp\/v2\/pages\/8878&title=Cookies\"  onclick=\"javascript:void window.open('http:\/\/www.stumbleupon.com\/submit?url=www.camp-spik.com\/de\/wp-json\/wp\/v2\/pages\/8878&title=Cookies','1410949501326','width=700,height=500,toolbar=0,menubar=0,location=0,status=1,scrollbars=1,resizable=1,left=0,top=0');return false;\" style=\"background-position: -140px -80px \"><\/a>\r\n\t\t\t\t\t<\/li>\r\n\t\t\t\t\t\t\t\t\t\t<li class=\"none nobackground \" >\r\n\r\n\t\t\t\t\t\t\t\t\t\t\t\t<a id=\"backforunical8878\" href=\"https:\/\/myspace.com\/post?l=3&u=www.camp-spik.com\/de\/wp-json\/wp\/v2\/pages\/8878\"  onclick=\"javascript:void window.open('https:\/\/myspace.com\/post?l=3&u=www.camp-spik.com\/de\/wp-json\/wp\/v2\/pages\/8878','1410949501326','width=700,height=500,toolbar=0,menubar=0,location=0,status=1,scrollbars=1,resizable=1,left=0,top=0');return false;\" style=\"background-position: -160px -80px \"><\/a>\r\n\t\t\t\t\t<\/li>\r\n\t\t\t\t\t\t\t\t\t\t<li class=\"none nobackground \" >\r\n\r\n\t\t\t\t\t\t\t\t\t\t\t\t<a id=\"backforunical8878\" href=\"http:\/\/vk.com\/share.php?url=www.camp-spik.com\/de\/wp-json\/wp\/v2\/pages\/8878&title=Cookies\"  onclick=\"javascript:void window.open('http:\/\/vk.com\/share.php?url=www.camp-spik.com\/de\/wp-json\/wp\/v2\/pages\/8878&title=Cookies','1410949501326','width=700,height=500,toolbar=0,menubar=0,location=0,status=1,scrollbars=1,resizable=1,left=0,top=0');return false;\" style=\"background-position: -180px -80px \"><\/a>\r\n\t\t\t\t\t<\/li>\r\n\t\t\t\t\t\t\t\t\t\t<li class=\"none nobackground \" >\r\n\r\n\t\t\t\t\t\t\t\t\t\t\t\t<a id=\"backforunical8878\" href=\"http:\/\/www.reddit.com\/submit?url=www.camp-spik.com\/de\/wp-json\/wp\/v2\/pages\/8878&title=Cookies\"  onclick=\"javascript:void window.open('http:\/\/www.reddit.com\/submit?url=www.camp-spik.com\/de\/wp-json\/wp\/v2\/pages\/8878&title=Cookies','1410949501326','width=700,height=500,toolbar=0,menubar=0,location=0,status=1,scrollbars=1,resizable=1,left=0,top=0');return false;\" style=\"background-position: -200px -80px \"><\/a>\r\n\t\t\t\t\t<\/li>\r\n\t\t\t\t\t\t\t\t\t\t<li class=\"none nobackground \" >\r\n\r\n\t\t\t\t\t\t\t\t\t\t\t\t<a id=\"backforunical8878\" href=\"http:\/\/www.bebo.com\/c\/share?Url=www.camp-spik.com\/de\/wp-json\/wp\/v2\/pages\/8878\"  onclick=\"javascript:void window.open('http:\/\/www.bebo.com\/c\/share?Url=www.camp-spik.com\/de\/wp-json\/wp\/v2\/pages\/8878','1410949501326','width=700,height=500,toolbar=0,menubar=0,location=0,status=1,scrollbars=1,resizable=1,left=0,top=0');return false;\" style=\"background-position: -220px -80px \"><\/a>\r\n\t\t\t\t\t<\/li>\r\n\t\t\t\t\t\t\t\t\t\t<li class=\"none nobackground \" >\r\n\r\n\t\t\t\t\t\t\t\t\t\t\t\t<a id=\"backforunical8878\" href=\"https:\/\/delicious.com\/save?v=5&noui&jump=close&url=www.camp-spik.com\/de\/wp-json\/wp\/v2\/pages\/8878&title=Cookies\"  onclick=\"javascript:void window.open('https:\/\/delicious.com\/save?v=5&noui&jump=close&url=www.camp-spik.com\/de\/wp-json\/wp\/v2\/pages\/8878&title=Cookies','1410949501326','width=700,height=500,toolbar=0,menubar=0,location=0,status=1,scrollbars=1,resizable=1,left=0,top=0');return false;\" style=\"background-position: -240px -80px \"><\/a>\r\n\t\t\t\t\t<\/li>\r\n\t\t\t\t\t\t\t\t\t\t<li class=\"none nobackground \" >\r\n\r\n\t\t\t\t\t\t\t\t\t\t\t\t<a id=\"backforunical8878\" href=\"http:\/\/www.odnoklassniki.ru\/dk?st.cmd=addShare&st.s=2&st.noresize=on&st._surl=www.camp-spik.com\/de\/wp-json\/wp\/v2\/pages\/8878\"  onclick=\"javascript:void window.open('http:\/\/www.odnoklassniki.ru\/dk?st.cmd=addShare&st.s=2&st.noresize=on&st._surl=www.camp-spik.com\/de\/wp-json\/wp\/v2\/pages\/8878','1410949501326','width=700,height=500,toolbar=0,menubar=0,location=0,status=1,scrollbars=1,resizable=1,left=0,top=0');return false;\" style=\"background-position: -260px -80px \"><\/a>\r\n\t\t\t\t\t<\/li>\r\n\t\t\t\t\t\t\t\t\t\t<li class=\"none nobackground \" >\r\n\r\n\t\t\t\t\t\t\t\t\t\t\t\t<a id=\"backforunical8878\" href=\"http:\/\/sns.qzone.qq.com\/cgi-bin\/qzshare\/cgi_qzshare_onekey?url=www.camp-spik.com\/de\/wp-json\/wp\/v2\/pages\/8878&title=Cookies\"  onclick=\"javascript:void window.open('http:\/\/sns.qzone.qq.com\/cgi-bin\/qzshare\/cgi_qzshare_onekey?url=www.camp-spik.com\/de\/wp-json\/wp\/v2\/pages\/8878&title=Cookies','1410949501326','width=700,height=500,toolbar=0,menubar=0,location=0,status=1,scrollbars=1,resizable=1,left=0,top=0');return false;\" style=\"background-position: -280px -80px \"><\/a>\r\n\t\t\t\t\t<\/li>\r\n\t\t\t\t\t\t\t\t\t\t<li class=\"none nobackground \" >\r\n\r\n\t\t\t\t\t\t\t\t\t\t\t\t<a id=\"backforunical8878\" href=\"http:\/\/service.weibo.com\/share\/share.php?url=www.camp-spik.com\/de\/wp-json\/wp\/v2\/pages\/8878&appkey=&title=Cookies&pic=&ralateUid=&\"  onclick=\"javascript:void window.open('http:\/\/service.weibo.com\/share\/share.php?url=www.camp-spik.com\/de\/wp-json\/wp\/v2\/pages\/8878&appkey=&title=Cookies&pic=&ralateUid=&','1410949501326','width=700,height=500,toolbar=0,menubar=0,location=0,status=1,scrollbars=1,resizable=1,left=0,top=0');return false;\" style=\"background-position: -300px -80px \"><\/a>\r\n\t\t\t\t\t<\/li>\r\n\t\t\t\t\t\t\t\t\t\t<li class=\"none nobackground \" >\r\n\r\n\t\t\t\t\t\t\t\t\t\t\t\t<a id=\"backforunical8878\" href=\"http:\/\/widget.renren.com\/dialog\/share?resourceUrl=www.camp-spik.com\/de\/wp-json\/wp\/v2\/pages\/8878&srcUrl=www.camp-spik.com\/de\/wp-json\/wp\/v2\/pages\/8878&title=Cookies\"  onclick=\"javascript:void window.open('http:\/\/widget.renren.com\/dialog\/share?resourceUrl=www.camp-spik.com\/de\/wp-json\/wp\/v2\/pages\/8878&srcUrl=www.camp-spik.com\/de\/wp-json\/wp\/v2\/pages\/8878&title=Cookies','1410949501326','width=700,height=500,toolbar=0,menubar=0,location=0,status=1,scrollbars=1,resizable=1,left=0,top=0');return false;\" style=\"background-position: -320px -80px \"><\/a>\r\n\t\t\t\t\t<\/li>\r\n\t\t\t\t\t\t\t\t\t\t<li class=\"none nobackground \" >\r\n\r\n\t\t\t\t\t\t\t\t\t\t\t\t<a id=\"backforunical8878\" href=\"http:\/\/n4g.com\/tips?url=www.camp-spik.com\/de\/wp-json\/wp\/v2\/pages\/8878&title=Cookies\"  onclick=\"javascript:void window.open('http:\/\/n4g.com\/tips?url=www.camp-spik.com\/de\/wp-json\/wp\/v2\/pages\/8878&title=Cookies','1410949501326','width=700,height=500,toolbar=0,menubar=0,location=0,status=1,scrollbars=1,resizable=1,left=0,top=0');return false;\" style=\"background-position: -340px -80px \"><\/a>\r\n\t\t\t\t\t<\/li>\r\n\t\t\t\t\t\t\t\t<\/ul>\r\n\t\t\t<div class=\"clear\"><\/div>\r\n\t\t<\/div>\r\n\t\t","protected":false},"excerpt":{"rendered":"<p>Was sind Cookies? Diese Cookie-Richtlinie erl\u00e4utert, was Cookies sind und wie wir sie verwenden, welche Arten von Cookies wir verwenden, d. h. welche Informationen wir mithilfe von Cookies erfassen und wie diese Informationen verwendet werden, sowie wie Sie die Cookie-Einstellungen verwalten k\u00f6nnen. Cookies sind kleine Textdateien, die zum Speichern kleiner Informationsmengen verwendet werden. Wenn eine<\/p>\n","protected":false},"author":1,"featured_media":0,"parent":0,"menu_order":0,"comment_status":"closed","ping_status":"closed","template":"","meta":{"footnotes":""},"class_list":["post-8878","page","type-page","status-publish","hentry"],"_links":{"self":[{"href":"https:\/\/www.camp-spik.com\/de\/wp-json\/wp\/v2\/pages\/8878","targetHints":{"allow":["GET"]}}],"collection":[{"href":"https:\/\/www.camp-spik.com\/de\/wp-json\/wp\/v2\/pages"}],"about":[{"href":"https:\/\/www.camp-spik.com\/de\/wp-json\/wp\/v2\/types\/page"}],"author":[{"embeddable":true,"href":"https:\/\/www.camp-spik.com\/de\/wp-json\/wp\/v2\/users\/1"}],"replies":[{"embeddable":true,"href":"https:\/\/www.camp-spik.com\/de\/wp-json\/wp\/v2\/comments?post=8878"}],"version-history":[{"count":3,"href":"https:\/\/www.camp-spik.com\/de\/wp-json\/wp\/v2\/pages\/8878\/revisions"}],"predecessor-version":[{"id":8889,"href":"https:\/\/www.camp-spik.com\/de\/wp-json\/wp\/v2\/pages\/8878\/revisions\/8889"}],"wp:attachment":[{"href":"https:\/\/www.camp-spik.com\/de\/wp-json\/wp\/v2\/media?parent=8878"}],"curies":[{"name":"wp","href":"https:\/\/api.w.org\/{rel}","templated":true}]}}